{"id":30,"date":"2026-01-15T00:36:08","date_gmt":"2026-01-15T03:36:08","guid":{"rendered":"https:\/\/abrap.org\/?page_id=30"},"modified":"2026-01-19T13:06:18","modified_gmt":"2026-01-19T16:06:18","slug":"eventos","status":"publish","type":"page","link":"http:\/\/abrap.org\/index.php\/eventos\/","title":{"rendered":"Eventos"},"content":{"rendered":"\t\t<div data-elementor-type=\"wp-page\" data-elementor-id=\"30\" class=\"elementor elementor-30\" data-elementor-post-type=\"page\">\n\t\t\t\t<div class=\"elementor-element elementor-element-50ba1973 e-flex e-con-boxed e-con e-parent\" data-id=\"50ba1973\" data-element_type=\"container\" data-e-type=\"container\">\n\t\t\t\t\t<div class=\"e-con-inner\">\n\t\t<div class=\"elementor-element elementor-element-d842d5a e-con-full e-flex e-con e-child\" data-id=\"d842d5a\" data-element_type=\"container\" data-e-type=\"container\">\n\t\t\t\t<div class=\"elementor-element elementor-element-b36ce92 elementor-widget elementor-widget-text-editor\" data-id=\"b36ce92\" data-element_type=\"widget\" data-e-type=\"widget\" data-widget_type=\"text-editor.default\">\n\t\t\t\t\t\t\t\t\t<h5>Para se aprimorar<\/h5><h2>Eventos ABRAP<\/h2><p>A ABRAP tem como prop\u00f3sito apoiar o desenvolvimento cient\u00edfico dos profissionais e oferecer ferramentas essenciais para o fortalecimento da categoria. Com uma vis\u00e3o voltada para a acessibilidade e a difus\u00e3o do conhecimento, buscamos promover eventos que incentivem o crescimento cont\u00ednuo e a troca de experi\u00eancias entre psicoterapeutas. Nossos encontros e forma\u00e7\u00f5es s\u00e3o planejados para criar um espa\u00e7o de aprendizado, inova\u00e7\u00e3o e conex\u00e3o, tornando a ABRAP uma refer\u00eancia na promo\u00e7\u00e3o do conhecimento e no desenvolvimento profissional. Acompanhe nossos eventos e participe dessa jornada de crescimento e fortalecimento da psicoterapia no Brasil.<\/p>\t\t\t\t\t\t\t\t<\/div>\n\t\t\t\t<\/div>\n\t\t<div class=\"elementor-element elementor-element-61c58352 e-con-full e-flex e-con e-child\" data-id=\"61c58352\" data-element_type=\"container\" data-e-type=\"container\">\n\t\t\t\t<div class=\"elementor-element elementor-element-2d5784f elementor-widget elementor-widget-image\" data-id=\"2d5784f\" data-element_type=\"widget\" data-e-type=\"widget\" data-widget_type=\"image.default\">\n\t\t\t\t\t\t\t\t\t\t\t\t\t\t\t<img fetchpriority=\"high\" decoding=\"async\" width=\"800\" height=\"920\" src=\"https:\/\/abrap.org\/wp-content\/uploads\/2026\/01\/Associacao-Brasileira-de-Psicoterapia-cursos.png\" class=\"attachment-large size-large wp-image-166\" alt=\"\" srcset=\"https:\/\/abrap.org\/wp-content\/uploads\/2026\/01\/Associacao-Brasileira-de-Psicoterapia-cursos.png 883w, https:\/\/abrap.org\/wp-content\/uploads\/2026\/01\/Associacao-Brasileira-de-Psicoterapia-cursos-261x300.png 261w, https:\/\/abrap.org\/wp-content\/uploads\/2026\/01\/Associacao-Brasileira-de-Psicoterapia-cursos-768x883.png 768w\" sizes=\"(max-width: 800px) 100vw, 800px\" \/>\t\t\t\t\t\t\t\t\t\t\t\t\t\t\t<\/div>\n\t\t\t\t<\/div>\n\t\t\t\t\t<\/div>\n\t\t\t\t<\/div>\n\t\t<div class=\"elementor-element elementor-element-6e1043cb e-flex e-con-boxed e-con e-parent\" data-id=\"6e1043cb\" data-element_type=\"container\" data-e-type=\"container\" data-settings=\"{&quot;background_background&quot;:&quot;classic&quot;}\">\n\t\t\t\t\t<div class=\"e-con-inner\">\n\t\t\t\t<div class=\"elementor-element elementor-element-d5ac43f elementor-widget elementor-widget-qi_addons_for_elementor_interactive_link_showcase\" data-id=\"d5ac43f\" data-element_type=\"widget\" data-e-type=\"widget\" data-widget_type=\"qi_addons_for_elementor_interactive_link_showcase.default\">\n\t\t\t\t<div class=\"elementor-widget-container\">\n\t\t\t\t\t<div class=\"qodef-shortcode qodef-m qodef-qi-interactive-link-showcase qodef-layout--standard qodef-hover--underline\">\n\t<div class=\"qodef-m-items\">\n\t\t<a itemprop=\"url\" class=\"qodef-m-item qodef-e\" href=\"\" target=\"_self\">\n\t<span class=\"qodef-e-title\"><span class=\"qodef-e-inner-title\">Cuidar \u00e9 a arte do amor<\/span><\/span>\n\t\t\t<span class=\"qodef-e-text\">\u00c9 a express\u00e3o do seu Eu Superior para que o melhor do outro possa tamb\u00e9m se apresentar.<\/span>\n\t<\/a>\n<a itemprop=\"url\" class=\"qodef-m-item qodef-e\" href=\"\" target=\"_self\">\n\t<span class=\"qodef-e-title\"><span class=\"qodef-e-inner-title\">Cuidar \u00e9 estar a servi\u00e7o da Vida, \u00e9 escolher a Vida.<\/span><\/span>\n\t\t\t<span class=\"qodef-e-text\"> A literatura nos mostra que cuidar da terra, do corpo, do ps\u00edquico \u00e9 celebrar a Vida.<\/span>\n\t<\/a>\n<a itemprop=\"url\" class=\"qodef-m-item qodef-e\" href=\"\" target=\"_self\">\n\t<span class=\"qodef-e-title\"><span class=\"qodef-e-inner-title\">A Vida \u00e9 mudan\u00e7a e movimento.<\/span><\/span>\n\t\t\t<span class=\"qodef-e-text\">Estaremos unidos em rodas de conversa, com musica, poesias, com o apoio da terapia comunit\u00e1ria, outras vezes com o uso de t\u00e9cnicas psicoter\u00e1picas, com muita perseveran\u00e7a e amor e tudo isso para Cuidar de voc\u00ea. Venha!!!<\/span>\n\t<\/a>\n\t<\/div>\n\t<div class=\"qodef-m-images\">\n\t\t<div class=\"qodef-e-image qodef-position--left elementor-repeater-item-722bd7c\">\n\t<img decoding=\"async\" width=\"1024\" height=\"1024\" src=\"http:\/\/abrap.org\/wp-content\/uploads\/2026\/01\/ABRAP-eventos-.jpg\" class=\"attachment-full size-full\" alt=\"ABRAP-eventos-cuidar-\u00e9-a-arte-do-amor\" srcset=\"http:\/\/abrap.org\/wp-content\/uploads\/2026\/01\/ABRAP-eventos-.jpg 1024w, http:\/\/abrap.org\/wp-content\/uploads\/2026\/01\/ABRAP-eventos--300x300.jpg 300w, http:\/\/abrap.org\/wp-content\/uploads\/2026\/01\/ABRAP-eventos--150x150.jpg 150w, http:\/\/abrap.org\/wp-content\/uploads\/2026\/01\/ABRAP-eventos--768x768.jpg 768w, http:\/\/abrap.org\/wp-content\/uploads\/2026\/01\/ABRAP-eventos--650x650.jpg 650w\" sizes=\"(max-width: 1024px) 100vw, 1024px\" \/><\/div>\n<div class=\"qodef-e-image qodef-position--left elementor-repeater-item-6cfeb6b\">\n\t<img decoding=\"async\" width=\"1024\" height=\"1024\" src=\"http:\/\/abrap.org\/wp-content\/uploads\/2026\/01\/ABRAP-eventos-cuidar.jpg\" class=\"attachment-full size-full\" alt=\"\" srcset=\"http:\/\/abrap.org\/wp-content\/uploads\/2026\/01\/ABRAP-eventos-cuidar.jpg 1024w, http:\/\/abrap.org\/wp-content\/uploads\/2026\/01\/ABRAP-eventos-cuidar-300x300.jpg 300w, http:\/\/abrap.org\/wp-content\/uploads\/2026\/01\/ABRAP-eventos-cuidar-150x150.jpg 150w, http:\/\/abrap.org\/wp-content\/uploads\/2026\/01\/ABRAP-eventos-cuidar-768x768.jpg 768w, http:\/\/abrap.org\/wp-content\/uploads\/2026\/01\/ABRAP-eventos-cuidar-650x650.jpg 650w\" sizes=\"(max-width: 1024px) 100vw, 1024px\" \/><\/div>\n<div class=\"qodef-e-image qodef-position--left elementor-repeater-item-e0831ab\">\n\t<img loading=\"lazy\" decoding=\"async\" width=\"1024\" height=\"1024\" src=\"http:\/\/abrap.org\/wp-content\/uploads\/2026\/01\/ABRAP-eventos-A-Vida-e-mudanca-e-movimento.-.jpg\" class=\"attachment-full size-full\" alt=\"\" srcset=\"http:\/\/abrap.org\/wp-content\/uploads\/2026\/01\/ABRAP-eventos-A-Vida-e-mudanca-e-movimento.-.jpg 1024w, http:\/\/abrap.org\/wp-content\/uploads\/2026\/01\/ABRAP-eventos-A-Vida-e-mudanca-e-movimento.--300x300.jpg 300w, http:\/\/abrap.org\/wp-content\/uploads\/2026\/01\/ABRAP-eventos-A-Vida-e-mudanca-e-movimento.--150x150.jpg 150w, http:\/\/abrap.org\/wp-content\/uploads\/2026\/01\/ABRAP-eventos-A-Vida-e-mudanca-e-movimento.--768x768.jpg 768w, http:\/\/abrap.org\/wp-content\/uploads\/2026\/01\/ABRAP-eventos-A-Vida-e-mudanca-e-movimento.--650x650.jpg 650w\" sizes=\"(max-width: 1024px) 100vw, 1024px\" \/><\/div>\n\t<\/div>\n<\/div>\n\t\t\t\t<\/div>\n\t\t\t\t<\/div>\n\t\t\t\t<div class=\"elementor-element elementor-element-f298ba1 elementor-widget elementor-widget-text-editor\" data-id=\"f298ba1\" data-element_type=\"widget\" data-e-type=\"widget\" data-widget_type=\"text-editor.default\">\n\t\t\t\t\t\t\t\t\t<p><strong>Encontros quinzenais:<\/strong><br \/>\u00e0s ter\u00e7as-feiras, das 14:00 \u00e0s 15:30, on line.<\/p><p><strong>Cronograma:<\/strong><br \/>22 de outubro, 5 e 19 de Novembro, 3 e 17 de dezembro.<\/p><p><strong>P\u00fablico alvo:<\/strong><br \/>Cuidadores, Psicoterapeutas, Psicanalistas, Psiquiatras e seus familiares.<\/p><p><strong>Investimento:<\/strong> R$200,00 mensais via Pix 07072881000103. (Enviar comprovante para: (11)992419999)<\/p><div class=\"et_pb_row et_pb_row_3\"><div class=\"et_pb_column et_pb_column_4_4 et_pb_column_7 et_pb_css_mix_blend_mode_passthrough et-last-child\"><div class=\"et_pb_module et_pb_text et_pb_text_7 et_pb_text_align_left et_pb_bg_layout_light\"><div class=\"et_pb_text_inner\"><p>Esporadicamente, podemos nos encontrar presencialmente, para um\u00a0<strong>Workshop de temas variados.<\/strong><\/p><\/div><\/div><\/div><\/div><div class=\"et_pb_row et_pb_row_4\"><div class=\"et_pb_column et_pb_column_4_4 et_pb_column_8 et_pb_css_mix_blend_mode_passthrough et-last-child\"><div class=\"et_pb_module et_pb_text et_pb_text_8 et_pb_text_align_left et_pb_bg_layout_light\"><div class=\"et_pb_text_inner\">\u00a0<\/div><\/div><\/div><\/div>\t\t\t\t\t\t\t\t<\/div>\n\t\t\t\t<div class=\"elementor-element elementor-element-a48d4be elementor-align-center elementor-widget elementor-widget-button\" data-id=\"a48d4be\" data-element_type=\"widget\" data-e-type=\"widget\" data-widget_type=\"button.default\">\n\t\t\t\t\t\t\t\t\t\t<a class=\"elementor-button elementor-size-sm\" role=\"button\">\n\t\t\t\t\t\t<span class=\"elementor-button-content-wrapper\">\n\t\t\t\t\t\t<span class=\"elementor-button-icon\">\n\t\t\t\t<svg aria-hidden=\"true\" class=\"e-font-icon-svg e-fab-whatsapp\" viewBox=\"0 0 448 512\" xmlns=\"http:\/\/www.w3.org\/2000\/svg\"><path d=\"M380.9 97.1C339 55.1 283.2 32 223.9 32c-122.4 0-222 99.6-222 222 0 39.1 10.2 77.3 29.6 111L0 480l117.7-30.9c32.4 17.7 68.9 27 106.1 27h.1c122.3 0 224.1-99.6 224.1-222 0-59.3-25.2-115-67.1-157zm-157 341.6c-33.2 0-65.7-8.9-94-25.7l-6.7-4-69.8 18.3L72 359.2l-4.4-7c-18.5-29.4-28.2-63.3-28.2-98.2 0-101.7 82.8-184.5 184.6-184.5 49.3 0 95.6 19.2 130.4 54.1 34.8 34.9 56.2 81.2 56.1 130.5 0 101.8-84.9 184.6-186.6 184.6zm101.2-138.2c-5.5-2.8-32.8-16.2-37.9-18-5.1-1.9-8.8-2.8-12.5 2.8-3.7 5.6-14.3 18-17.6 21.8-3.2 3.7-6.5 4.2-12 1.4-32.6-16.3-54-29.1-75.5-66-5.7-9.8 5.7-9.1 16.3-30.3 1.8-3.7.9-6.9-.5-9.7-1.4-2.8-12.5-30.1-17.1-41.2-4.5-10.8-9.1-9.3-12.5-9.5-3.2-.2-6.9-.2-10.6-.2-3.7 0-9.7 1.4-14.8 6.9-5.1 5.6-19.4 19-19.4 46.3 0 27.3 19.9 53.7 22.6 57.4 2.8 3.7 39.1 59.7 94.8 83.8 35.2 15.2 49 16.5 66.6 13.9 10.7-1.6 32.8-13.4 37.4-26.4 4.6-13 4.6-24.1 3.2-26.4-1.3-2.5-5-3.9-10.5-6.6z\"><\/path><\/svg>\t\t\t<\/span>\n\t\t\t\t\t\t\t\t\t<span class=\"elementor-button-text\">Envie seus dados e fa\u00e7a seu cadastro<\/span>\n\t\t\t\t\t<\/span>\n\t\t\t\t\t<\/a>\n\t\t\t\t\t\t\t\t<\/div>\n\t\t\t\t\t<\/div>\n\t\t\t\t<\/div>\n\t\t<div class=\"elementor-element elementor-element-3b5aafd e-flex e-con-boxed e-con e-parent\" data-id=\"3b5aafd\" data-element_type=\"container\" data-e-type=\"container\">\n\t\t\t\t\t<div class=\"e-con-inner\">\n\t\t<div class=\"elementor-element elementor-element-a9bf9f2 e-con-full e-flex e-con e-child\" data-id=\"a9bf9f2\" data-element_type=\"container\" data-e-type=\"container\">\n\t\t\t\t<div class=\"elementor-element elementor-element-11d76a3 elementor-flip-box--effect-flip elementor-flip-box--direction-up elementor-widget elementor-widget-flip-box\" data-id=\"11d76a3\" data-element_type=\"widget\" data-e-type=\"widget\" data-widget_type=\"flip-box.default\">\n\t\t\t\t\t\t\t<div class=\"elementor-flip-box\" tabindex=\"0\">\n\t\t\t<div class=\"elementor-flip-box__layer elementor-flip-box__front\">\n\t\t\t\t<div class=\"elementor-flip-box__layer__overlay\">\n\t\t\t\t\t<div class=\"elementor-flip-box__layer__inner\">\n\t\t\t\t\t\t\n\t\t\t\t\t\t\t\t\t\t\t\t\t<h3 class=\"elementor-flip-box__layer__title\">\n\t\t\t\t\t\t\t\tABRAP CONVIDA\t\t\t\t\t\t\t<\/h3>\n\t\t\t\t\t\t\n\t\t\t\t\t\t\t\t\t\t\t\t\t<div class=\"elementor-flip-box__layer__description\">\n\t\t\t\t\t\t\t\tGRUPO DE SUPERVIS\u00c3O CL\u00cdNICA\n\nCom Liane Diehl\nCRP: 05\/11250\nLiane Diehl \u00e9 Psic\u00f3loga com gradua\u00e7\u00e3o e Mestrado em Educa\u00e7\u00e3o pela Universidade Cat\u00f3lica de Petr\u00f3polis. Psicoterapeuta de orienta\u00e7\u00e3o Anal\u00edtica.\t\t\t\t\t\t\t<\/div>\n\t\t\t\t\t\t\t\t\t\t\t<\/div>\n\t\t\t\t<\/div>\n\t\t\t<\/div>\n\t\t\t<div class=\"elementor-flip-box__layer elementor-flip-box__back\">\n\t\t\t<div class=\"elementor-flip-box__layer__overlay\">\n\t\t\t\t<div class=\"elementor-flip-box__layer__inner\">\n\t\t\t\t\t\n\t\t\t\t\t\n\t\t\t\t\t\t\t\t<\/div>\n\t\t<\/div>\n\t\t<\/div>\n\t\t<\/div>\n\t\t\t\t\t\t<\/div>\n\t\t\t\t<\/div>\n\t\t<div class=\"elementor-element elementor-element-e0958ee e-con-full e-flex e-con e-child\" data-id=\"e0958ee\" data-element_type=\"container\" data-e-type=\"container\">\n\t\t\t\t<\/div>\n\t\t\t\t\t<\/div>\n\t\t\t\t<\/div>\n\t\t<div class=\"elementor-element elementor-element-2536737 e-flex e-con-boxed e-con e-parent\" data-id=\"2536737\" data-element_type=\"container\" data-e-type=\"container\">\n\t\t\t\t\t<div class=\"e-con-inner\">\n\t\t<div class=\"elementor-element elementor-element-ea5ed40 e-con-full e-flex e-con e-child\" data-id=\"ea5ed40\" data-element_type=\"container\" data-e-type=\"container\">\n\t\t\t\t<div class=\"elementor-element elementor-element-d3fc390 elementor-widget elementor-widget-image\" data-id=\"d3fc390\" data-element_type=\"widget\" data-e-type=\"widget\" data-widget_type=\"image.default\">\n\t\t\t\t\t\t\t\t\t\t\t\t\t\t\t<img loading=\"lazy\" decoding=\"async\" width=\"1599\" height=\"1599\" src=\"https:\/\/abrap.org\/wp-content\/uploads\/2026\/01\/ABRAP-eventos-Conhecendo-as-Psicoterapias-.jpeg\" class=\"attachment-full size-full wp-image-184\" alt=\"\" srcset=\"https:\/\/abrap.org\/wp-content\/uploads\/2026\/01\/ABRAP-eventos-Conhecendo-as-Psicoterapias-.jpeg 1599w, https:\/\/abrap.org\/wp-content\/uploads\/2026\/01\/ABRAP-eventos-Conhecendo-as-Psicoterapias--300x300.jpeg 300w, https:\/\/abrap.org\/wp-content\/uploads\/2026\/01\/ABRAP-eventos-Conhecendo-as-Psicoterapias--1024x1024.jpeg 1024w, https:\/\/abrap.org\/wp-content\/uploads\/2026\/01\/ABRAP-eventos-Conhecendo-as-Psicoterapias--150x150.jpeg 150w, https:\/\/abrap.org\/wp-content\/uploads\/2026\/01\/ABRAP-eventos-Conhecendo-as-Psicoterapias--768x768.jpeg 768w, https:\/\/abrap.org\/wp-content\/uploads\/2026\/01\/ABRAP-eventos-Conhecendo-as-Psicoterapias--1536x1536.jpeg 1536w, https:\/\/abrap.org\/wp-content\/uploads\/2026\/01\/ABRAP-eventos-Conhecendo-as-Psicoterapias--650x650.jpeg 650w, https:\/\/abrap.org\/wp-content\/uploads\/2026\/01\/ABRAP-eventos-Conhecendo-as-Psicoterapias--1300x1300.jpeg 1300w\" sizes=\"(max-width: 1599px) 100vw, 1599px\" \/>\t\t\t\t\t\t\t\t\t\t\t\t\t\t\t<\/div>\n\t\t\t\t<\/div>\n\t\t<div class=\"elementor-element elementor-element-8b3ce1c e-con-full e-flex e-con e-child\" data-id=\"8b3ce1c\" data-element_type=\"container\" data-e-type=\"container\">\n\t\t\t\t<div class=\"elementor-element elementor-element-cc7fb29 elementor-widget elementor-widget-text-editor\" data-id=\"cc7fb29\" data-element_type=\"widget\" data-e-type=\"widget\" data-widget_type=\"text-editor.default\">\n\t\t\t\t\t\t\t\t\t<h3><strong>Projetos<\/strong><\/h3><p>A Associa\u00e7\u00e3o Brasileira de Psicoterapia segue com o projeto Conhecendo as Psicoterapias agora na modalidade Grupo de Estudos.<br \/>Iniciaremos com o Grupo de Estudos: Psicoterapia e Medita\u00e7\u00e3o<br \/>\u25ab\ufe0f Coordena\u00e7\u00e3o: Prof\u00aa. F\u00e1tima Martucelli \u2013 CRP 06\/27.125-7<br \/>Mestre em Psicologia Cl\u00ednica pela PUCSP. Psicoterapeuta, supervisora, Gestalt-terapeuta, Instrutora em Mindfulness programa MTi. Forma\u00e7\u00e3o em Cinesiologia e Filosofia Taoista. Professora de p\u00f3s-gradua\u00e7\u00e3o Instituto Sedes Sapientiae, Unicsul, Phorte e Institutos de Forma\u00e7\u00e3o em Gestalt-terapia em v\u00e1rios estados do Brasil.<br \/>A proposta \u00e9 a leitura e pr\u00e1tica de um livro por m\u00eas.<br \/>No m\u00eas de agosto a indica\u00e7\u00e3o \u00e9 a leitura do livro: Respirando- o modo natural de meditar.<br \/>Autor: Tarchin Heartradu\u00e7\u00e3o de Verena Reid<br \/>Editora Novayana Books<\/p><p>\u25ab\ufe0f In\u00edcio dia : 05\/08\/2024<br \/>\u25ab\ufe0f T\u00e9rmino: 26\/08\/2024<br \/>\u25ab\ufe0f Hor\u00e1rio: 20h00 \u00e0s 22h00<\/p><p>On-line pelo Zoom<\/p><p>\u25fd\ufe0f Investimento:<br \/>\u2022\u2060 \u2060N\u00e3o Associados: R$ 250,00<br \/>\u2022\u2060 \u2060Associados ABRAP: R$ 200,00<\/p><p>Forma de pagamento via PIX:<br \/>07072881\/000103 (CNPJ)<\/p><p>Enviar comprovante de pagamento para: tesouraria@abrap.org<\/p>\t\t\t\t\t\t\t\t<\/div>\n\t\t\t\t<div class=\"elementor-element elementor-element-d5e5286 elementor-widget elementor-widget-heading\" data-id=\"d5e5286\" data-element_type=\"widget\" data-e-type=\"widget\" data-widget_type=\"heading.default\">\n\t\t\t\t\t<h2 class=\"elementor-heading-title elementor-size-default\">Anteriores<\/h2>\t\t\t\t<\/div>\n\t\t\t\t<div class=\"elementor-element elementor-element-dd42fa4 elementor-pagination-type-bullets elementor-arrows-position-inside elementor-pagination-position-outside elementor-widget elementor-widget-loop-carousel\" data-id=\"dd42fa4\" data-element_type=\"widget\" data-e-type=\"widget\" data-settings=\"{&quot;template_id&quot;:191,&quot;_skin&quot;:&quot;post&quot;,&quot;slides_to_show&quot;:&quot;3&quot;,&quot;slides_to_show_tablet&quot;:&quot;2&quot;,&quot;slides_to_show_mobile&quot;:&quot;1&quot;,&quot;slides_to_scroll&quot;:&quot;1&quot;,&quot;edit_handle_selector&quot;:&quot;.elementor-loop-container&quot;,&quot;autoplay&quot;:&quot;yes&quot;,&quot;autoplay_speed&quot;:5000,&quot;pause_on_hover&quot;:&quot;yes&quot;,&quot;pause_on_interaction&quot;:&quot;yes&quot;,&quot;infinite&quot;:&quot;yes&quot;,&quot;speed&quot;:500,&quot;offset_sides&quot;:&quot;none&quot;,&quot;arrows&quot;:&quot;yes&quot;,&quot;pagination&quot;:&quot;bullets&quot;,&quot;image_spacing_custom&quot;:{&quot;unit&quot;:&quot;px&quot;,&quot;size&quot;:10,&quot;sizes&quot;:[]},&quot;image_spacing_custom_tablet&quot;:{&quot;unit&quot;:&quot;px&quot;,&quot;size&quot;:&quot;&quot;,&quot;sizes&quot;:[]},&quot;image_spacing_custom_mobile&quot;:{&quot;unit&quot;:&quot;px&quot;,&quot;size&quot;:&quot;&quot;,&quot;sizes&quot;:[]}}\" data-widget_type=\"loop-carousel.post\">\n\t\t\t\t\t\t\t<div class=\"swiper elementor-loop-container elementor-grid\" role=\"list\" dir=\"ltr\">\n\t\t\t\t<div class=\"swiper-wrapper\" aria-live=\"off\">\n\t\t\t\t<\/div>\n\t\t<\/div>\n\t\t\t\t\t<div class=\"elementor-swiper-button elementor-swiper-button-prev\" role=\"button\" tabindex=\"0\" aria-label=\"Anterior\">\n\t\t\t\t<svg aria-hidden=\"true\" class=\"e-font-icon-svg e-eicon-chevron-left\" viewBox=\"0 0 1000 1000\" xmlns=\"http:\/\/www.w3.org\/2000\/svg\"><path d=\"M646 125C629 125 613 133 604 142L308 442C296 454 292 471 292 487 292 504 296 521 308 533L604 854C617 867 629 875 646 875 663 875 679 871 692 858 704 846 713 829 713 812 713 796 708 779 692 767L438 487 692 225C700 217 708 204 708 187 708 171 704 154 692 142 675 129 663 125 646 125Z\"><\/path><\/svg>\t\t\t<\/div>\n\t\t\t<div class=\"elementor-swiper-button elementor-swiper-button-next\" role=\"button\" tabindex=\"0\" aria-label=\"Pr\u00f3ximo\">\n\t\t\t\t<svg aria-hidden=\"true\" class=\"e-font-icon-svg e-eicon-chevron-right\" viewBox=\"0 0 1000 1000\" xmlns=\"http:\/\/www.w3.org\/2000\/svg\"><path d=\"M696 533C708 521 713 504 713 487 713 471 708 454 696 446L400 146C388 133 375 125 354 125 338 125 325 129 313 142 300 154 292 171 292 187 292 204 296 221 308 233L563 492 304 771C292 783 288 800 288 817 288 833 296 850 308 863 321 871 338 875 354 875 371 875 388 867 400 854L696 533Z\"><\/path><\/svg>\t\t\t<\/div>\n\t\t\t\t\t<div class=\"swiper-pagination\"><\/div>\n\t\t\t\t\t\t<\/div>\n\t\t\t\t<\/div>\n\t\t\t\t\t<\/div>\n\t\t\t\t<\/div>\n\t\t<div class=\"elementor-element elementor-element-21a52cd7 e-flex e-con-boxed e-con e-parent\" data-id=\"21a52cd7\" data-element_type=\"container\" data-e-type=\"container\" data-settings=\"{&quot;background_background&quot;:&quot;classic&quot;}\">\n\t\t\t\t\t<div class=\"e-con-inner\">\n\t\t\t\t<div class=\"elementor-element elementor-element-421bef47 elementor-widget elementor-widget-text-editor\" data-id=\"421bef47\" data-element_type=\"widget\" data-e-type=\"widget\" data-widget_type=\"text-editor.default\">\n\t\t\t\t\t\t\t\t\t<h4><strong>Banco de projetos<\/strong><\/h4><p><br \/>Em nosso Planejamento Estrat\u00e9gico 2022-2023, foi criado o Banco de Projetos.<br \/>O objetivo \u00e9 dar oportunidades aos nossos associados de apresentarem propostas de Projetos a serem elaborados e executados pela ABRAP para fortalecer a atua\u00e7\u00e3o da nossa Associa\u00e7\u00e3o.<br \/>Associado, caso tenha algum projeto que queira nos encaminhar, envie para o e-mail: <strong>secretaria@abrap.org com o<\/strong> assunto: BANCO DE PROJETOS ABRAP.<\/p>\t\t\t\t\t\t\t\t<\/div>\n\t\t\t\t\t<\/div>\n\t\t\t\t<\/div>\n\t\t\t\t<\/div>\n\t\t","protected":false},"excerpt":{"rendered":"<p>Para se aprimorar Eventos ABRAP A ABRAP tem como prop\u00f3sito apoiar o desenvolvimento cient\u00edfico dos profissionais e oferecer ferramentas essenciais para o fortalecimento da categoria. Com uma vis\u00e3o voltada para a acessibilidade e a difus\u00e3o do conhecimento, buscamos promover eventos que incentivem o crescimento cont\u00ednuo e a troca de experi\u00eancias entre psicoterapeutas. Nossos encontros e [&hellip;]<\/p>\n","protected":false},"author":1,"featured_media":0,"parent":0,"menu_order":0,"comment_status":"closed","ping_status":"closed","template":"","meta":{"footnotes":""},"class_list":["post-30","page","type-page","status-publish","hentry"],"_links":{"self":[{"href":"http:\/\/abrap.org\/index.php\/wp-json\/wp\/v2\/pages\/30","targetHints":{"allow":["GET"]}}],"collection":[{"href":"http:\/\/abrap.org\/index.php\/wp-json\/wp\/v2\/pages"}],"about":[{"href":"http:\/\/abrap.org\/index.php\/wp-json\/wp\/v2\/types\/page"}],"author":[{"embeddable":true,"href":"http:\/\/abrap.org\/index.php\/wp-json\/wp\/v2\/users\/1"}],"replies":[{"embeddable":true,"href":"http:\/\/abrap.org\/index.php\/wp-json\/wp\/v2\/comments?post=30"}],"version-history":[{"count":25,"href":"http:\/\/abrap.org\/index.php\/wp-json\/wp\/v2\/pages\/30\/revisions"}],"predecessor-version":[{"id":206,"href":"http:\/\/abrap.org\/index.php\/wp-json\/wp\/v2\/pages\/30\/revisions\/206"}],"wp:attachment":[{"href":"http:\/\/abrap.org\/index.php\/wp-json\/wp\/v2\/media?parent=30"}],"curies":[{"name":"wp","href":"https:\/\/api.w.org\/{rel}","templated":true}]}}