{"id":32,"date":"2026-01-15T00:36:18","date_gmt":"2026-01-15T03:36:18","guid":{"rendered":"https:\/\/abrap.org\/?page_id=32"},"modified":"2026-01-19T11:23:09","modified_gmt":"2026-01-19T14:23:09","slug":"institucional","status":"publish","type":"page","link":"https:\/\/abrap.org\/index.php\/institucional\/","title":{"rendered":"Institucional"},"content":{"rendered":"\t\t<div data-elementor-type=\"wp-page\" data-elementor-id=\"32\" class=\"elementor elementor-32\" data-elementor-post-type=\"page\">\n\t\t\t\t<div class=\"elementor-element elementor-element-89be2ea e-flex e-con-boxed e-con e-parent\" data-id=\"89be2ea\" data-element_type=\"container\" data-e-type=\"container\">\n\t\t\t\t\t<div class=\"e-con-inner\">\n\t\t<div class=\"elementor-element elementor-element-5b0b6cb e-con-full e-flex e-con e-child\" data-id=\"5b0b6cb\" data-element_type=\"container\" data-e-type=\"container\">\n\t\t\t\t<div class=\"elementor-element elementor-element-301796c elementor-widget elementor-widget-qi_addons_for_elementor_animated_text\" data-id=\"301796c\" data-element_type=\"widget\" data-e-type=\"widget\" data-widget_type=\"qi_addons_for_elementor_animated_text.default\">\n\t\t\t\t<div class=\"elementor-widget-container\">\n\t\t\t\t\t<div class=\"qodef-shortcode qodef-m qodef-qi-animated-text qodef--alignment-left qodef-qi--has-appear qodef--appear-from-bottom\" data-appear-delay=\"500\">\n\t\t<h2 class=\"qodef-m-title\">\n\t\tQuem somos\t<\/h2>\n<\/div>\n\t\t\t\t<\/div>\n\t\t\t\t<\/div>\n\t\t\t\t<div class=\"elementor-element elementor-element-5509e86 elementor-widget elementor-widget-text-editor\" data-id=\"5509e86\" data-element_type=\"widget\" data-e-type=\"widget\" data-widget_type=\"text-editor.default\">\n\t\t\t\t\t\t\t\t\t<p class=\"p1\">A ABRAP foi fundada em maio de 2004 com o intuito de congregar e promover o interc\u00e2mbio entre psicoterapeutas das diversas tend\u00eancias existentes na atualidade.<\/p><p class=\"p1\">\u00c9, portanto, uma entidade supra abordagens que compreende um amplo espectro de linhas psicoter\u00e1picas: psicanal\u00edticas, psicodram\u00e1ticas, psicoterapias cognitivo-comportamentais, sist\u00eamicas, corporais, comportamentais, psicologia anal\u00edtica e outras.<\/p>\t\t\t\t\t\t\t\t<\/div>\n\t\t\t\t<\/div>\n\t\t<div class=\"elementor-element elementor-element-1031558 e-con-full e-flex e-con e-child\" data-id=\"1031558\" data-element_type=\"container\" data-e-type=\"container\">\n\t\t\t\t<div class=\"elementor-element elementor-element-496093b elementor-widget elementor-widget-image\" data-id=\"496093b\" data-element_type=\"widget\" data-e-type=\"widget\" data-widget_type=\"image.default\">\n\t\t\t\t\t\t\t\t\t\t\t\t\t\t\t<img fetchpriority=\"high\" decoding=\"async\" width=\"505\" height=\"377\" src=\"https:\/\/abrap.org\/wp-content\/uploads\/2026\/01\/Associacao-Brasileira-de-Psicoterapia-fundacao.jpeg\" class=\"attachment-large size-large wp-image-134\" alt=\"Associac\u0327a\u0303o-Brasileira-de-Psicoterapia-fundac\u0327ao\" srcset=\"https:\/\/abrap.org\/wp-content\/uploads\/2026\/01\/Associacao-Brasileira-de-Psicoterapia-fundacao.jpeg 505w, https:\/\/abrap.org\/wp-content\/uploads\/2026\/01\/Associacao-Brasileira-de-Psicoterapia-fundacao-300x224.jpeg 300w\" sizes=\"(max-width: 505px) 100vw, 505px\" \/>\t\t\t\t\t\t\t\t\t\t\t\t\t\t\t<\/div>\n\t\t\t\t<\/div>\n\t\t\t\t\t<\/div>\n\t\t\t\t<\/div>\n\t\t<div class=\"elementor-element elementor-element-96322b6 e-flex e-con-boxed e-con e-parent\" data-id=\"96322b6\" data-element_type=\"container\" data-e-type=\"container\" data-settings=\"{&quot;background_background&quot;:&quot;classic&quot;}\">\n\t\t\t\t\t<div class=\"e-con-inner\">\n\t\t\t\t<div class=\"elementor-element elementor-element-ef5476a elementor-widget elementor-widget-heading\" data-id=\"ef5476a\" data-element_type=\"widget\" data-e-type=\"widget\" data-widget_type=\"heading.default\">\n\t\t\t\t\t<h2 class=\"elementor-heading-title elementor-size-default\">Governan\u00e7a ABRAP\nDiretoria, Conselho Supervisor e Conselho Fiscal<\/h2>\t\t\t\t<\/div>\n\t\t\t\t<div class=\"elementor-element elementor-element-56dcce9 elementor-widget elementor-widget-text-editor\" data-id=\"56dcce9\" data-element_type=\"widget\" data-e-type=\"widget\" data-widget_type=\"text-editor.default\">\n\t\t\t\t\t\t\t\t\t<p>Diretoria, Conselho Supervisor e Conselho Fiscal\nRefletindo o esp\u00edrito que norteia a ABRAP, sua administra\u00e7\u00e3o \u00e9 colegiada, transparente e eleita por voto direto dos associados para um mandato de dois (2) anos.<\/p>\n\n<p>H\u00e1 um Presidente, dois Vice-Presidentes e seis Diretores \/ Diretorias: Cient\u00edfica, Divulga\u00e7\u00e3o e Afilia\u00e7\u00e3o, Tesouraria, Secretaria, Eventos, Publica\u00e7\u00e3o. Todas as Diretorias contam com at\u00e9 5 (cinco) membros provenientes, sempre que poss\u00edvel, de diferentes abordagens, profiss\u00f5es e regi\u00f5es brasileiras.<\/p>\n\n<p>H\u00e1 um Conselho Supervisor, formado por 3 (tr\u00eas) membros, que tem por compet\u00eancia zelar para que a ABRAP permane\u00e7a fiel aos seus objetivos e arbitrar como inst\u00e2ncia inapel\u00e1vel sobre impasses da Presid\u00eancia ou entre esta e membros da Diretoria.<\/p>\n\n<p>Ao Conselho Fiscal, constitu\u00eddo por 3 (tr\u00eas) membros, compete acompanhar e fiscalizar a presta\u00e7\u00e3o de contas e o or\u00e7amento da entidade.<\/P>\n\n<p>A inst\u00e2ncia m\u00e1xima de delibera\u00e7\u00e3o \u00e9 a Assembleia Geral, constitu\u00edda por todos associados com direito a voto, com poder para discutir e deliberar sobre todos os assuntos da vida associativa.<\/P>\t\t\t\t\t\t\t\t<\/div>\n\t\t\t\t\t<\/div>\n\t\t\t\t<\/div>\n\t\t<div class=\"elementor-element elementor-element-0a6ab6c e-flex e-con-boxed e-con e-parent\" data-id=\"0a6ab6c\" data-element_type=\"container\" data-e-type=\"container\">\n\t\t\t\t\t<div class=\"e-con-inner\">\n\t\t<div class=\"elementor-element elementor-element-d3c5d0e e-con-full e-flex e-con e-child\" data-id=\"d3c5d0e\" data-element_type=\"container\" data-e-type=\"container\">\n\t\t\t\t<div class=\"elementor-element elementor-element-f64a4b0 elementor-widget elementor-widget-text-editor\" data-id=\"f64a4b0\" data-element_type=\"widget\" data-e-type=\"widget\" data-widget_type=\"text-editor.default\">\n\t\t\t\t\t\t\t\t\t<h3>ADMINISTRA\u00c7\u00c3O ABRAP \u2013 Mandato 2024-2026<\/h3><h5><strong>Presid\u00eancia: Christina Ribeiro Neder Cerezetti<\/strong><\/h5><p>\u2022 1\u00ba Vice-Presidente<br \/>Wilson de Campos Vieira<\/p><p>\u2022 2\u00ba Vice-Presidente<br \/>Lidia Rosalina Folgueira Castro<\/p><p>\u2022 Diretoria Cient\u00edfica<br \/>Mathilde Neder<\/p><p>\u2022 Diretoria de Publica\u00e7\u00e3o<br \/>Tathy Neder<\/p><p>\u2022 Diretoria de Eventos<br \/>J\u00f4nia Lacerda<\/p><p>\u2022 Diretoria de Secretaria<br \/>Ana Maria Collete Chalfun Puech<\/p><p>\u2022 Diretoria de Tesouraria<br \/>Fatima Luzia Souto Braz<\/p><p>\u2022 Diretoria de Divulga\u00e7\u00e3o e Afilia\u00e7\u00f5es<br \/>Magda Guerato Garbo<\/p><p>\u2022 Conselho Supervisor<br \/>Denise Hernandez Tinoco: George Souza Barbosa; Derineisy Le\u00e3o<\/p><p>\u2022 Conselho Fiscal<br \/>Rosalina Moura; Claudia Lopes da Silva; Vanda Marcia Silva Ferreira<\/p>\t\t\t\t\t\t\t\t<\/div>\n\t\t\t\t<\/div>\n\t\t\t\t\t<\/div>\n\t\t\t\t<\/div>\n\t\t<div class=\"elementor-element elementor-element-94c6772 e-flex e-con-boxed e-con e-parent\" data-id=\"94c6772\" data-element_type=\"container\" data-e-type=\"container\" data-settings=\"{&quot;background_background&quot;:&quot;classic&quot;}\">\n\t\t\t\t\t<div class=\"e-con-inner\">\n\t\t<div class=\"elementor-element elementor-element-78dd9b8 e-con-full e-flex elementor-invisible e-con e-child\" data-id=\"78dd9b8\" data-element_type=\"container\" data-e-type=\"container\" data-settings=\"{&quot;animation&quot;:&quot;fadeIn&quot;}\">\n\t\t\t\t<div class=\"elementor-element elementor-element-8347e4b elementor-widget elementor-widget-image\" data-id=\"8347e4b\" data-element_type=\"widget\" data-e-type=\"widget\" data-widget_type=\"image.default\">\n\t\t\t\t\t\t\t\t\t\t\t\t\t\t\t<img decoding=\"async\" width=\"512\" height=\"317\" src=\"https:\/\/abrap.org\/wp-content\/uploads\/2026\/01\/Associacao-Brasileira-de-Psicoterapia-Administracao-ABRAP.png\" class=\"attachment-large size-large wp-image-143\" alt=\"\" srcset=\"https:\/\/abrap.org\/wp-content\/uploads\/2026\/01\/Associacao-Brasileira-de-Psicoterapia-Administracao-ABRAP.png 512w, https:\/\/abrap.org\/wp-content\/uploads\/2026\/01\/Associacao-Brasileira-de-Psicoterapia-Administracao-ABRAP-300x186.png 300w\" sizes=\"(max-width: 512px) 100vw, 512px\" \/>\t\t\t\t\t\t\t\t\t\t\t\t\t\t\t<\/div>\n\t\t\t\t<div class=\"elementor-element elementor-element-c3b5482 elementor-widget elementor-widget-text-editor\" data-id=\"c3b5482\" data-element_type=\"widget\" data-e-type=\"widget\" data-widget_type=\"text-editor.default\">\n\t\t\t\t\t\t\t\t\tEm p\u00e9: Ana Paula Giuliano, Christina Neder, Jos\u00e9 Thom\u00e9. \nSentados: George Barbosa, Ruy de Mathis, Emilia Afrange, Mathilde Neder, Sandra Straub Carceles.\t\t\t\t\t\t\t\t<\/div>\n\t\t\t\t<\/div>\n\t\t<div class=\"elementor-element elementor-element-c193cae e-con-full e-flex e-con e-child\" data-id=\"c193cae\" data-element_type=\"container\" data-e-type=\"container\">\n\t\t\t\t<div class=\"elementor-element elementor-element-4d159a6 animated-slow elementor-invisible elementor-widget elementor-widget-text-editor\" data-id=\"4d159a6\" data-element_type=\"widget\" data-e-type=\"widget\" data-settings=\"{&quot;_animation&quot;:&quot;fadeInRight&quot;}\" data-widget_type=\"text-editor.default\">\n\t\t\t\t\t\t\t\t\t<h4>Entidades Parceiras<\/h4><ul><li>Associa\u00e7\u00e3o Brasileira de Psiquiatria<\/li><li>Body Psychotherapy Publications<\/li><li>Conselho Federal de Psicologia<\/li><li>Conselho Regional de Psicologia de S\u00e3o Paulo<\/li><li>European Association for Body Psychotherapy<\/li><li>Federa\u00e7\u00e3o Latinoamericana de Psicoterapia<\/li><li>F\u00f3rum das Entidades da Psicologia Brasileira<\/li><li>Instituto de Psicologia Som\u00e1tica<\/li><li>Libertas Consultoria, Treinamento e Cl\u00ednica-<\/li><li>Escola \u201cO que eu tenho?\u201d<\/li><li>Rede Coopera\u00e7\u00e3o Crian\u00e7a e Paz<\/li><\/ul>\t\t\t\t\t\t\t\t<\/div>\n\t\t\t\t<\/div>\n\t\t\t\t\t<\/div>\n\t\t\t\t<\/div>\n\t\t<div class=\"elementor-element elementor-element-ac30565 e-flex e-con-boxed e-con e-parent\" data-id=\"ac30565\" data-element_type=\"container\" data-e-type=\"container\" data-settings=\"{&quot;background_background&quot;:&quot;classic&quot;}\">\n\t\t\t\t\t<div class=\"e-con-inner\">\n\t\t\t\t<div class=\"elementor-element elementor-element-bf11808 elementor-widget elementor-widget-text-editor\" data-id=\"bf11808\" data-element_type=\"widget\" data-e-type=\"widget\" data-widget_type=\"text-editor.default\">\n\t\t\t\t\t\t\t\t\t<h4><strong>Banco de projetos<\/strong><\/h4><p><br \/>Em nosso Planejamento Estrat\u00e9gico 2022-2023, foi criado o Banco de Projetos.<br \/>O objetivo \u00e9 dar oportunidades aos nossos associados de apresentarem propostas de Projetos a serem elaborados e executados pela ABRAP para fortalecer a atua\u00e7\u00e3o da nossa Associa\u00e7\u00e3o.<br \/>Associado, caso tenha algum projeto que queira nos encaminhar, envie para o e-mail: <strong>secretaria@abrap.org com o<\/strong> assunto: BANCO DE PROJETOS ABRAP.<\/p>\t\t\t\t\t\t\t\t<\/div>\n\t\t\t\t\t<\/div>\n\t\t\t\t<\/div>\n\t\t\t\t<\/div>\n\t\t","protected":false},"excerpt":{"rendered":"<p>Quem somos A ABRAP foi fundada em maio de 2004 com o intuito de congregar e promover o interc\u00e2mbio entre psicoterapeutas das diversas tend\u00eancias existentes na atualidade. \u00c9, portanto, uma entidade supra abordagens que compreende um amplo espectro de linhas psicoter\u00e1picas: psicanal\u00edticas, psicodram\u00e1ticas, psicoterapias cognitivo-comportamentais, sist\u00eamicas, corporais, comportamentais, psicologia anal\u00edtica e outras. Governan\u00e7a ABRAP Diretoria, [&hellip;]<\/p>\n","protected":false},"author":1,"featured_media":0,"parent":0,"menu_order":0,"comment_status":"closed","ping_status":"closed","template":"","meta":{"footnotes":""},"class_list":["post-32","page","type-page","status-publish","hentry"],"_links":{"self":[{"href":"https:\/\/abrap.org\/index.php\/wp-json\/wp\/v2\/pages\/32","targetHints":{"allow":["GET"]}}],"collection":[{"href":"https:\/\/abrap.org\/index.php\/wp-json\/wp\/v2\/pages"}],"about":[{"href":"https:\/\/abrap.org\/index.php\/wp-json\/wp\/v2\/types\/page"}],"author":[{"embeddable":true,"href":"https:\/\/abrap.org\/index.php\/wp-json\/wp\/v2\/users\/1"}],"replies":[{"embeddable":true,"href":"https:\/\/abrap.org\/index.php\/wp-json\/wp\/v2\/comments?post=32"}],"version-history":[{"count":22,"href":"https:\/\/abrap.org\/index.php\/wp-json\/wp\/v2\/pages\/32\/revisions"}],"predecessor-version":[{"id":161,"href":"https:\/\/abrap.org\/index.php\/wp-json\/wp\/v2\/pages\/32\/revisions\/161"}],"wp:attachment":[{"href":"https:\/\/abrap.org\/index.php\/wp-json\/wp\/v2\/media?parent=32"}],"curies":[{"name":"wp","href":"https:\/\/api.w.org\/{rel}","templated":true}]}}